{"id":2050,"date":"2019-07-24T12:09:42","date_gmt":"2019-07-24T10:09:42","guid":{"rendered":"https:\/\/www.hotel-la-laguna.com\/reserva\/"},"modified":"2024-12-13T22:52:09","modified_gmt":"2024-12-13T21:52:09","slug":"reserva","status":"publish","type":"page","link":"https:\/\/www.apartment-lalaguna.com\/es\/reserva\/","title":{"rendered":"Reserva"},"content":{"rendered":"<div class=\"wpb-content-wrapper\"><p>[vc_row row_height_percent=\u00bb0&#8243; override_padding=\u00bbyes\u00bb h_padding=\u00bb2&#8243; top_padding=\u00bb4&#8243; bottom_padding=\u00bb4&#8243; overlay_color=\u00bbcolor-517719&#8243; overlay_alpha=\u00bb6&#8243; gutter_size=\u00bb5&#8243; column_width_percent=\u00bb100&#8243; shift_y=\u00bb0&#8243; z_index=\u00bb0&#8243; uncode_shortcode_id=\u00bb432256&#8243; overlay_color_type=\u00bbuncode-palette\u00bb][vc_column column_width_percent=\u00bb100&#8243; align_horizontal=\u00bbalign_center\u00bb gutter_size=\u00bb3&#8243; overlay_alpha=\u00bb50&#8243; shift_x=\u00bb0&#8243; shift_y=\u00bb0&#8243; shift_y_down=\u00bb0&#8243; z_index=\u00bb0&#8243; medium_width=\u00bb0&#8243; mobile_width=\u00bb0&#8243; width=\u00bb1\/1&#8243; uncode_shortcode_id=\u00bb164049&#8243;][vc_raw_html]PGRpdiBpZD0iYXBhcnRtZW50SWZyYW1lQWxsIj4gPHNjcmlwdCB0eXBlPSJ0ZXh0L2phdmFzY3JpcHQiIHNyYz0iaHR0cHM6Ly9sb2dpbi5zbW9vYnUuY29tL2pzL1NldHRpbmdzL0Jvb2tpbmdUb29sSWZyYW1lLmpzIj48L3NjcmlwdD4gPHNjcmlwdD5Cb29raW5nVG9vbElmcmFtZS5pbml0aWFsaXplKHsidXJsIjogImh0dHBzOi8vbG9naW4uc21vb2J1LmNvbS9lcy9ib29raW5nLXRvb2wvaWZyYW1lLzMyMTEyIiwgImJhc2VVcmwiOiAiaHR0cHM6Ly9sb2dpbi5zbW9vYnUuY29tICIsICJ0YXJnZXQiOiAiI2FwYXJ0bWVudElmcmFtZUFsbCJ9KTwvc2NyaXB0PiA8L2Rpdj4=[\/vc_raw_html][vc_column_text uncode_shortcode_id=\u00bb203856&#8243;]<\/p>\n<h3 style=\"text-align: center;\">\u00bfNo quieres reservar inmediatamente y primero aclarar algunos puntos?<\/h3>\n<p style=\"text-align: center;\"><a href=\"https:\/\/www.apartment-lalaguna.com\/es\/contacto-llegada\/\">Ponte en contacto con nosotros<\/a> y te atenderemos a corto plazo.<\/p>\n<p>[\/vc_column_text][\/vc_column][\/vc_row][vc_row row_height_percent=\u00bb0&#8243; override_padding=\u00bbyes\u00bb h_padding=\u00bb2&#8243; top_padding=\u00bb4&#8243; bottom_padding=\u00bb4&#8243; overlay_alpha=\u00bb6&#8243; gutter_size=\u00bb3&#8243; column_width_percent=\u00bb100&#8243; shift_y=\u00bb0&#8243; z_index=\u00bb0&#8243; content_parallax=\u00bb0&#8243; uncode_shortcode_id=\u00bb175427&#8243;][vc_column column_width_percent=\u00bb100&#8243; align_horizontal=\u00bbalign_center\u00bb gutter_size=\u00bb3&#8243; overlay_alpha=\u00bb50&#8243; shift_x=\u00bb0&#8243; shift_y=\u00bb0&#8243; shift_y_down=\u00bb0&#8243; z_index=\u00bb0&#8243; medium_width=\u00bb0&#8243; mobile_width=\u00bb0&#8243; width=\u00bb1\/1&#8243; uncode_shortcode_id=\u00bb388382&#8243;][vc_column_text uncode_shortcode_id=\u00bb185004&#8243; el_class=\u00bbkolumnen\u00bb]Este apartahotel est\u00e1 situado en la regi\u00f3n de M\u00e1laga, en la tradicional localidad andaluza de Fuente de Piedra, a 8,4 km de la mayor laguna andaluza. Los luminosos y modernos pisos est\u00e1n equipados con balc\u00f3n o terraza y ofrecen vistas a la ciudad o a la piscina.<\/p>\n<p>Cada uno de los pisos est\u00e1 equipado con aire acondicionado, una acogedora zona de estar incl. un balc\u00f3n. TV de pantalla plana v\u00eda sat\u00e9lite y dispone de zona de cocina con microondas y ba\u00f1o privado.<\/p>\n<p>Puede elegir entre pisos con un dormitorio independiente o una zona de dormitorio separada por una mampara de privacidad. La casa dispone de lavadora y secadora. Tambi\u00e9n hay una piscina al aire libre que se puede utilizar por temporadas.<\/p>\n<p>Fuente de Piedra est\u00e1 situada en el centro de Andaluc\u00eda y ofrece muchas oportunidades para senderistas y ciclistas. En los alrededores hay numerosas rutas ciclistas y de senderismo aptas para todos los niveles de forma f\u00edsica. Un popular destino de excursi\u00f3n para excursionistas y amantes de la cultura es el Parque Natural del Torcal de Antequera, a 37 kil\u00f3metros, con sus yacimientos dolm\u00e9nicos. La cercana bodega M\u00e1laga Virgen le invita a disfrutar de una experiencia culinaria. Adem\u00e1s, las populares ciudades de M\u00e1laga y Sevilla est\u00e1n a poca distancia en coche o autob\u00fas.[\/vc_column_text][\/vc_column][\/vc_row]<\/p>\n<\/div>","protected":false},"excerpt":{"rendered":"<p>[vc_row row_height_percent=\u00bb0&#8243; override_padding=\u00bbyes\u00bb h_padding=\u00bb2&#8243; top_padding=\u00bb4&#8243; bottom_padding=\u00bb4&#8243; overlay_color=\u00bbcolor-517719&#8243; overlay_alpha=\u00bb6&#8243; gutter_size=\u00bb5&#8243; column_width_percent=\u00bb100&#8243; shift_y=\u00bb0&#8243; z_index=\u00bb0&#8243; uncode_shortcode_id=\u00bb432256&#8243; overlay_color_type=\u00bbuncode-palette\u00bb][vc_column column_width_percent=\u00bb100&#8243; align_horizontal=\u00bbalign_center\u00bb gutter_size=\u00bb3&#8243; overlay_alpha=\u00bb50&#8243; shift_x=\u00bb0&#8243; shift_y=\u00bb0&#8243; [&hellip;]<\/p>\n","protected":false},"author":2,"featured_media":0,"parent":0,"menu_order":20,"comment_status":"closed","ping_status":"closed","template":"","meta":{"iawp_total_views":337,"footnotes":""},"class_list":["post-2050","page","type-page","status-publish","hentry"],"_links":{"self":[{"href":"https:\/\/www.apartment-lalaguna.com\/es\/wp-json\/wp\/v2\/pages\/2050","targetHints":{"allow":["GET"]}}],"collection":[{"href":"https:\/\/www.apartment-lalaguna.com\/es\/wp-json\/wp\/v2\/pages"}],"about":[{"href":"https:\/\/www.apartment-lalaguna.com\/es\/wp-json\/wp\/v2\/types\/page"}],"author":[{"embeddable":true,"href":"https:\/\/www.apartment-lalaguna.com\/es\/wp-json\/wp\/v2\/users\/2"}],"replies":[{"embeddable":true,"href":"https:\/\/www.apartment-lalaguna.com\/es\/wp-json\/wp\/v2\/comments?post=2050"}],"version-history":[{"count":12,"href":"https:\/\/www.apartment-lalaguna.com\/es\/wp-json\/wp\/v2\/pages\/2050\/revisions"}],"predecessor-version":[{"id":70937,"href":"https:\/\/www.apartment-lalaguna.com\/es\/wp-json\/wp\/v2\/pages\/2050\/revisions\/70937"}],"wp:attachment":[{"href":"https:\/\/www.apartment-lalaguna.com\/es\/wp-json\/wp\/v2\/media?parent=2050"}],"curies":[{"name":"wp","href":"https:\/\/api.w.org\/{rel}","templated":true}]}}