{"id":2053,"date":"2019-07-24T12:11:42","date_gmt":"2019-07-24T10:11:42","guid":{"rendered":"https:\/\/www.hotel-la-laguna.com\/informacion-legal\/"},"modified":"2026-03-01T19:52:15","modified_gmt":"2026-03-01T18:52:15","slug":"informacion-legal","status":"publish","type":"page","link":"https:\/\/www.apartment-lalaguna.com\/es\/informacion-legal\/","title":{"rendered":"Pie de imprenta"},"content":{"rendered":"<div class=\"wpb-content-wrapper\"><p>[vc_row row_height_percent=\u00bb0&#8243; override_padding=\u00bbyes\u00bb h_padding=\u00bb2&#8243; top_padding=\u00bb5&#8243; bottom_padding=\u00bb2&#8243; gutter_size=\u00bb4&#8243; column_width_percent=\u00bb100&#8243; shift_y=\u00bb0&#8243; z_index=\u00bb0&#8243;][vc_column column_width_percent=\u00bb100&#8243; gutter_size=\u00bb3&#8243; overlay_alpha=\u00bb50&#8243; border_color=\u00bbcolor-uydo\u00bb border_style=\u00bbsolid\u00bb shift_x=\u00bb0&#8243; shift_y=\u00bb0&#8243; shift_y_down=\u00bb0&#8243; z_index=\u00bb0&#8243; medium_width=\u00bb0&#8243; mobile_width=\u00bb0&#8243; width=\u00bb1\/2&#8243; css=\u00bb.vc_custom_1519306937597{border-right-width: 1px !important;}\u00bb][vc_column_text uncode_shortcode_id=\u00bb733968&#8243;]\n<!-- Legal document generated by Complianz | GDPR\/CCPA Cookie Consent https:\/\/wordpress.org\/plugins\/complianz-gdpr -->\n<div id=\"cmplz-document\" class=\"cmplz-document impressum cmplz-document-all\"><p><i>Este aviso legal \/ imprint fue actualizado por \u00faltima vez el 8 de marzo de 2026.<\/i><\/p><p class=\"cmplz-subtitle\">El propietario de esta web es:<\/p><p>Apartamentos La Laguna Kuehnel S.L. SL<br>Calle Ancha 14<br \/>\r\nGeb\u00e4ude 44<br \/>\r\n29520 Fuente de Piedra<br>Espa\u00f1a<br>Correo electr\u00f3nico:&nbsp;<span class=\"cmplz-obfuscate\">apa&#114;&#116;am&#101;&#110;to&#115;.l&#097;l&#097;&#103;&#117;&#110;a@<span class=\"cmplz-fmail-domain\">&#101;&#120;.com<\/span>ou&#116;&#108;&#111;&#111;&#107;.&#099;&#111;m<\/span><br>N\u00famero de tel\u00e9fono: +34 (0) 699 898 138<br>CIF (N\u00famero de IVA):&nbsp;B93366367<\/p><p class=\"cmplz-subtitle\">El\/Los representante\/s legal\/es de Apartamentos La Laguna Kuehnel S.L. SL:<\/p><p>Werner K\u00fchnel, Sascha K\u00fchnel<\/p><h2>1. General<\/h2><p>No estamos dispuestos ni obligados a participar en procedimientos de resoluci\u00f3n de conflictos ante una junta de arbitraje de consumo.<\/p><h2>2. La siguiente informaci\u00f3n es obligatoria seg\u00fan la legislaci\u00f3n alemana.<\/h2><p class=\"cmplz-subtitle\">2.1 Wir stellen journalistische und redaktionell aufbereitete Inhalte zur Verf\u00fcgung.<\/p><p>Daher m\u00fcssen wir den Namen und den Wohnort der Person nennen, die f\u00fcr den Inhalt dieser Website verantwortlich ist:<br \/><br \/>Verantwortlich f\u00fcr den Inhalt nach \u00a7 18 Abs. 2 MStV ist: Sascha K\u00fchnel aus Wernigerode OT Reddeber.<\/p><\/div>[\/vc_column_text][\/vc_column][vc_column width=\u00bb1\/2&#8243;][vc_column_text uncode_shortcode_id=\u00bb129203&#8243;]<strong>Dise\u00f1o web:<\/strong><\/p>\n<p><a href=\"https:\/\/www.wagnergraphics.de\"><img decoding=\"async\" class=\"alignnone\" title=\"wagnergraphics | dise\u00f1o web + impresi\u00f3n + comunicaci\u00f3n\" src=\"https:\/\/www.wagnergraphics.de\/logo_wagnergraphics.png\" alt=\"wagnergraphics | dise\u00f1o web + impresi\u00f3n + comunicaci\u00f3n\" width=\"461\" height=\"63\"><\/a><br \/>\n<strong>wagnergraphics | Torsten Wagner<\/strong><br \/>\n38855 Wernigerode<\/p>\n<p><a href=\"http:\/\/www.wagnergraphics.de\" target=\"_blank\" rel=\"noopener noreferrer\">www.wagnergraphics.de<\/a>[\/vc_column_text][\/vc_column][\/vc_row][vc_row][vc_column width=\u00bb1\/1&#8243;][vc_separator sep_color=\u00bb,Default\u00bb][vc_column_text]<strong>Fotos:<\/strong><\/p>\n<ul>\n<li>Sascha K\u00fchnel<\/li>\n<\/ul>\n<p>[\/vc_column_text][\/vc_column][\/vc_row]<\/p>\n<\/div>","protected":false},"excerpt":{"rendered":"<p>[vc_row row_height_percent=\u00bb0&#8243; override_padding=\u00bbyes\u00bb h_padding=\u00bb2&#8243; top_padding=\u00bb5&#8243; bottom_padding=\u00bb2&#8243; gutter_size=\u00bb4&#8243; column_width_percent=\u00bb100&#8243; shift_y=\u00bb0&#8243; z_index=\u00bb0&#8243;][vc_column column_width_percent=\u00bb100&#8243; gutter_size=\u00bb3&#8243; overlay_alpha=\u00bb50&#8243; border_color=\u00bbcolor-uydo\u00bb border_style=\u00bbsolid\u00bb shift_x=\u00bb0&#8243; shift_y=\u00bb0&#8243; shift_y_down=\u00bb0&#8243; z_index=\u00bb0&#8243; medium_width=\u00bb0&#8243; [&hellip;]<\/p>\n","protected":false},"author":2,"featured_media":0,"parent":0,"menu_order":17,"comment_status":"closed","ping_status":"closed","template":"","meta":{"iawp_total_views":22,"footnotes":""},"class_list":["post-2053","page","type-page","status-publish","hentry"],"_links":{"self":[{"href":"https:\/\/www.apartment-lalaguna.com\/es\/wp-json\/wp\/v2\/pages\/2053","targetHints":{"allow":["GET"]}}],"collection":[{"href":"https:\/\/www.apartment-lalaguna.com\/es\/wp-json\/wp\/v2\/pages"}],"about":[{"href":"https:\/\/www.apartment-lalaguna.com\/es\/wp-json\/wp\/v2\/types\/page"}],"author":[{"embeddable":true,"href":"https:\/\/www.apartment-lalaguna.com\/es\/wp-json\/wp\/v2\/users\/2"}],"replies":[{"embeddable":true,"href":"https:\/\/www.apartment-lalaguna.com\/es\/wp-json\/wp\/v2\/comments?post=2053"}],"version-history":[{"count":3,"href":"https:\/\/www.apartment-lalaguna.com\/es\/wp-json\/wp\/v2\/pages\/2053\/revisions"}],"predecessor-version":[{"id":71181,"href":"https:\/\/www.apartment-lalaguna.com\/es\/wp-json\/wp\/v2\/pages\/2053\/revisions\/71181"}],"wp:attachment":[{"href":"https:\/\/www.apartment-lalaguna.com\/es\/wp-json\/wp\/v2\/media?parent=2053"}],"curies":[{"name":"wp","href":"https:\/\/api.w.org\/{rel}","templated":true}]}}