{"id":71234,"date":"2026-03-06T22:35:08","date_gmt":"2026-03-06T21:35:08","guid":{"rendered":"https:\/\/www.apartment-lalaguna.com\/accesibilidad\/"},"modified":"2026-03-06T22:35:46","modified_gmt":"2026-03-06T21:35:46","slug":"accesibilidad","status":"publish","type":"page","link":"https:\/\/www.apartment-lalaguna.com\/es\/accesibilidad\/","title":{"rendered":"Accesibilidad"},"content":{"rendered":"<div class=\"wpb-content-wrapper\"><p>[vc_row][vc_column][vc_column_text uncode_shortcode_id=\u00bb130441&#8243;]<\/p>\n<h2 class=\"ql-heading ql-show-draggable-anchor\" data-block-id=\"block-1b0785dd-1063-46ec-8f49-a85c17f159f1\" data-collapse-state=\"expanded\">Declaraci\u00f3n de accesibilidad<\/h2>\n<h3 class=\"ql-heading\" data-block-id=\"block-d9964550-ff8a-4e89-a448-0b0b39b7bd1e\" data-collapse-state=\"expanded\">1. informaci\u00f3n sobre este sitio web en un lenguaje sencillo<\/h3>\n<div class=\"ql-block\" data-block-id=\"block-61944625-a6a5-4287-8a5e-8e12017016ec\">\n<ul>\n<li>El hotel de apartamentos La Laguna ofrece 16 modernos apartamentos de vacaciones para 2-3 personas. Hay piscina, una peque\u00f1a biblioteca en el vest\u00edbulo y restaurantes cerca (por ejemplo, La Taberna de Joaquim). <\/li>\n<li>El sitio web tiene un men\u00fa principal y un logotipo en la parte superior izquierda. El men\u00fa lleva a informaci\u00f3n sobre habitaciones, precios, fotos, reservas y contacto. El logotipo te devuelve a la p\u00e1gina de inicio.  <\/li>\n<li>Puedes encontrar ayuda en la p\u00e1gina \u00abContacto\u00bb o \u00abPie de imprenta\u00bb. All\u00ed encontrar\u00e1s el n\u00famero de tel\u00e9fono, el correo electr\u00f3nico, la direcci\u00f3n y, a menudo, un formulario de contacto. <\/li>\n<\/ul>\n<\/div>\n<h3 class=\"ql-heading\" data-block-id=\"block-afa671a3-a53d-4b88-8d26-b25a5b83ae34\" data-collapse-state=\"expanded\">2. nuestro compromiso<\/h3>\n<div class=\"ql-block\" data-block-id=\"block-19dd5bed-cdc8-42a0-bad0-45d792f26691\"><span class=\"ql-badge ql-badge-yellow\" data-test=\"ql-badge-yellow\">El Apartahotel LaLaguna<\/span> se esfuerza por hacer que el acceso digital est\u00e9 lo m\u00e1s libre posible de barreras para todos. Nos guiamos por las directrices de las Pautas de Accesibilidad al Contenido en la Web (WCAG) 2.1\/2.2 en el nivel de conformidad AA y los requisitos nacionales aplicables (como la BFSG o la BITV 2.0). <\/div>\n<h3 class=\"ql-heading\" data-block-id=\"block-3c61dee6-c3ef-4913-bb83-d18b0b46df8f\" data-collapse-state=\"expanded\">3. estado de compatibilidad<\/h3>\n<div class=\"ql-block\" data-block-id=\"block-f77fe23e-a81f-4dca-a81a-5cdc2798fc66\">Este sitio web cumple parcialmente los requisitos anteriores debido a las siguientes incompatibilidades y excepciones. Trabajamos continuamente para subsanar las deficiencias existentes. <\/div>\n<h3 class=\"ql-heading\" data-block-id=\"block-92f3fe21-e785-4756-8e28-f5361f3295c9\" data-collapse-state=\"expanded\">4. contenido no accesible<\/h3>\n<div class=\"ql-block\" data-block-id=\"block-5031c9c2-06a7-4048-a9c9-06fd6eefc404\">A pesar de nuestros esfuerzos, las siguientes zonas a\u00fan no est\u00e1n completamente libres de barreras:<\/div>\n<ul>\n<li>Contenido de terceros: Los mapas incrustados (por ejemplo, Google Maps) o los widgets de las redes sociales a veces escapan a nuestro control t\u00e9cnico en cuanto al funcionamiento del teclado.<\/li>\n<li>Formularios: En los formularios complejos, el mensaje de error puede optimizarse para los usuarios de lectores de pantalla en casos concretos.<\/li>\n<li>Jerarqu\u00eda de encabezados il\u00f3gica: Los creadores de p\u00e1ginas (como Elementor o Divi) que a menudo utilizan etiquetas de encabezado (<code>h1<\/code> a <code>h6<\/code>) para el dise\u00f1o en lugar de para la estructura l\u00f3gica (por ejemplo, un salto de <code>h1<\/code> directamente a <code>h3<\/code>). <\/li>\n<li>Demasiado poco contraste: combinaciones de texto-fondo por debajo de los valores m\u00ednimos de contraste, sobre todo en pies de p\u00e1gina, metainformaci\u00f3n (fecha, autor) o botones.<\/li>\n<li>Falta de etiquetas en los formularios: Plugins como Contact Form 7, donde los campos de entrada a menudo no tienen etiquetas claramente vinculadas, lo que dificulta la orientaci\u00f3n para las personas con discapacidad visual.<\/li>\n<li>Deslizadores incontrolables: Carruseles o complementos deslizantes que se mueven autom\u00e1ticamente y no tienen un bot\u00f3n de pausa accesible desde el teclado.<\/li>\n<li>Enlaces sin sentido: Botones o enlaces que s\u00f3lo dicen \u00abM\u00e1s informaci\u00f3n\u00bb o \u00abHaz clic aqu\u00ed\u00bb sin que el contexto est\u00e9 claro para un lector de pantalla (que a menudo s\u00f3lo lee listas de enlaces).<\/li>\n<\/ul>\n<h3 class=\"ql-heading\" data-block-id=\"block-b52eaf6f-7971-4c46-a5e5-5695453e67af\" data-collapse-state=\"expanded\">5. preparaci\u00f3n de esta declaraci\u00f3n<\/h3>\n<div class=\"ql-block\" data-block-id=\"block-9ccdc0b2-b9b9-49e0-ac87-4abdd0231836\">Esta declaraci\u00f3n se cre\u00f3 el 03\/2026. La evaluaci\u00f3n de la accesibilidad se basa en una <span class=\"ql-badge ql-badge-yellow\" data-test=\"ql-badge-yellow\"><strong><em>autoevaluaci\u00f3n<\/em><\/strong><\/span>realizada por \u00faltima vez el 03\/2026<strong>.<\/strong>  <\/div>\n<h3 class=\"ql-heading\" data-block-id=\"block-8da52042-7bbc-4e04-b6d5-53cbdfd61dee\" data-collapse-state=\"expanded\">6 Comentarios y contacto<\/h3>\n<div class=\"ql-block\" data-block-id=\"block-85db6139-4931-4d0a-9f66-aac87fdbaaca\">Si observas alg\u00fan obst\u00e1culo o tienes alguna pregunta sobre la aplicaci\u00f3n, estamos deseando que nos lo comuniques. Nos esforzaremos por tramitar tu solicitud lo antes posible y ofrecerte una soluci\u00f3n. <\/div>\n<ul>\n<li>Tel\u00e9fono: <a href=\"tel:+34699898138\">+34 (0) 699 898 138<\/a><\/li>\n<li>Correo electr\u00f3nico: <a href=\"mailto:apartamentos.lalaguna@outlook.com\">apartamentos.lalaguna@outlook.com<\/a><\/li>\n<\/ul>\n<div class=\"ql-block\" data-block-id=\"block-a36d3a2b-a730-4d90-9fef-6e593cfea768\"><\/div>\n<p>[\/vc_column_text][\/vc_column][\/vc_row]<\/p>\n<\/div>","protected":false},"excerpt":{"rendered":"<p>[vc_row][vc_column][vc_column_text uncode_shortcode_id=\u00bb130441&#8243;] Declaraci\u00f3n de accesibilidad 1. informaci\u00f3n sobre este sitio web en un lenguaje sencillo El hotel de apartamentos La [&hellip;]<\/p>\n","protected":false},"author":2,"featured_media":0,"parent":0,"menu_order":0,"comment_status":"closed","ping_status":"closed","template":"","meta":{"iawp_total_views":1,"footnotes":""},"class_list":["post-71234","page","type-page","status-publish","hentry"],"_links":{"self":[{"href":"https:\/\/www.apartment-lalaguna.com\/es\/wp-json\/wp\/v2\/pages\/71234","targetHints":{"allow":["GET"]}}],"collection":[{"href":"https:\/\/www.apartment-lalaguna.com\/es\/wp-json\/wp\/v2\/pages"}],"about":[{"href":"https:\/\/www.apartment-lalaguna.com\/es\/wp-json\/wp\/v2\/types\/page"}],"author":[{"embeddable":true,"href":"https:\/\/www.apartment-lalaguna.com\/es\/wp-json\/wp\/v2\/users\/2"}],"replies":[{"embeddable":true,"href":"https:\/\/www.apartment-lalaguna.com\/es\/wp-json\/wp\/v2\/comments?post=71234"}],"version-history":[{"count":8,"href":"https:\/\/www.apartment-lalaguna.com\/es\/wp-json\/wp\/v2\/pages\/71234\/revisions"}],"predecessor-version":[{"id":71245,"href":"https:\/\/www.apartment-lalaguna.com\/es\/wp-json\/wp\/v2\/pages\/71234\/revisions\/71245"}],"wp:attachment":[{"href":"https:\/\/www.apartment-lalaguna.com\/es\/wp-json\/wp\/v2\/media?parent=71234"}],"curies":[{"name":"wp","href":"https:\/\/api.w.org\/{rel}","templated":true}]}}